{"id":3848,"date":"2023-05-25T11:45:30","date_gmt":"2023-05-25T09:45:30","guid":{"rendered":"https:\/\/prointegris.hr\/certificates\/"},"modified":"2025-11-12T09:46:29","modified_gmt":"2025-11-12T08:46:29","slug":"certifikati","status":"publish","type":"page","link":"https:\/\/prointegris.hr\/hr\/certifikati\/","title":{"rendered":"Certifikati"},"content":{"rendered":"[vc_row type=&#8221;full_width_content&#8221; full_screen_row_position=&#8221;middle&#8221; column_margin=&#8221;default&#8221; column_direction=&#8221;default&#8221; column_direction_tablet=&#8221;default&#8221; column_direction_phone=&#8221;default&#8221; bg_image=&#8221;3346&#8243; bg_position=&#8221;center bottom&#8221; background_image_loading=&#8221;default&#8221; bg_repeat=&#8221;no-repeat&#8221; full_height=&#8221;yes&#8221; columns_placement=&#8221;bottom&#8221; scene_position=&#8221;center&#8221; text_color=&#8221;dark&#8221; text_align=&#8221;left&#8221; row_border_radius=&#8221;none&#8221; row_border_radius_applies=&#8221;bg&#8221; overflow=&#8221;visible&#8221; disable_element=&#8221;yes&#8221; overlay_strength=&#8221;0.3&#8243; gradient_direction=&#8221;left_to_right&#8221; shape_divider_position=&#8221;bottom&#8221; bg_image_animation=&#8221;slight-zoom-out-reveal&#8221; parallax_bg=&#8221;true&#8221; parallax_bg_speed=&#8221;fast&#8221; gradient_type=&#8221;default&#8221; shape_type=&#8221;&#8221;][vc_column column_padding=&#8221;no-extra-padding&#8221; column_padding_tablet=&#8221;inherit&#8221; column_padding_phone=&#8221;inherit&#8221; column_padding_position=&#8221;all&#8221; column_element_direction_desktop=&#8221;default&#8221; column_element_spacing=&#8221;default&#8221; desktop_text_alignment=&#8221;default&#8221; tablet_text_alignment=&#8221;default&#8221; phone_text_alignment=&#8221;default&#8221; background_color_opacity=&#8221;1&#8243; background_hover_color_opacity=&#8221;1&#8243; column_backdrop_filter=&#8221;none&#8221; column_shadow=&#8221;none&#8221; column_border_radius=&#8221;none&#8221; column_link_target=&#8221;_self&#8221; column_position=&#8221;default&#8221; el_class=&#8221;bw-usluge-hero-flex&#8221; gradient_direction=&#8221;left_to_right&#8221; overlay_strength=&#8221;0.3&#8243; width=&#8221;1\/1&#8243; tablet_width_inherit=&#8221;default&#8221; animation_type=&#8221;default&#8221; bg_image_animation=&#8221;none&#8221; border_type=&#8221;simple&#8221; column_border_width=&#8221;none&#8221; column_border_style=&#8221;solid&#8221; column_padding_type=&#8221;default&#8221; gradient_type=&#8221;default&#8221;][vc_row_inner content_placement=&#8221;bottom&#8221; column_margin=&#8221;default&#8221; column_direction=&#8221;default&#8221; column_direction_tablet=&#8221;default&#8221; column_direction_phone=&#8221;default&#8221; bottom_padding=&#8221;100px&#8221; left_padding_desktop=&#8221;10%&#8221; right_padding_desktop=&#8221;1%&#8221; left_padding_tablet=&#8221;6%&#8221; constrain_group_4=&#8221;yes&#8221; right_padding_tablet=&#8221;6%&#8221; left_padding_phone=&#8221;5%&#8221; right_padding_phone=&#8221;5%&#8221; text_align=&#8221;left&#8221; row_position=&#8221;default&#8221; row_position_tablet=&#8221;inherit&#8221; row_position_phone=&#8221;inherit&#8221; overflow=&#8221;visible&#8221; pointer_events=&#8221;all&#8221;][vc_column_inner column_padding=&#8221;padding-2-percent&#8221; column_padding_tablet=&#8221;inherit&#8221; column_padding_phone=&#8221;inherit&#8221; column_padding_position=&#8221;all&#8221; column_element_direction_desktop=&#8221;default&#8221; column_element_spacing=&#8221;default&#8221; desktop_text_alignment=&#8221;default&#8221; tablet_text_alignment=&#8221;default&#8221; phone_text_alignment=&#8221;default&#8221; background_color=&#8221;#ffffff&#8221; background_color_opacity=&#8221;0.9&#8243; background_hover_color_opacity=&#8221;1&#8243; column_backdrop_filter=&#8221;none&#8221; column_shadow=&#8221;none&#8221; column_border_radius=&#8221;none&#8221; column_link_target=&#8221;_self&#8221; overflow=&#8221;visible&#8221; el_class=&#8221;bw-usluge-headingbck&#8221; gradient_direction=&#8221;left_to_right&#8221; overlay_strength=&#8221;0.3&#8243; width=&#8221;1\/2&#8243; tablet_width_inherit=&#8221;default&#8221; animation_type=&#8221;default&#8221; bg_image_animation=&#8221;none&#8221; border_type=&#8221;simple&#8221; column_border_width=&#8221;none&#8221; column_border_style=&#8221;solid&#8221; column_padding_type=&#8221;default&#8221; gradient_type=&#8221;default&#8221;][image_with_animation image_url=&#8221;3360&#8243; image_size=&#8221;full&#8221; animation_type=&#8221;entrance&#8221; animation=&#8221;None&#8221; animation_movement_type=&#8221;transform_y&#8221; hover_animation=&#8221;none&#8221; alignment=&#8221;&#8221; border_radius=&#8221;none&#8221; box_shadow=&#8221;none&#8221; image_loading=&#8221;default&#8221; max_width=&#8221;custom&#8221; max_width_custom=&#8221;12%&#8221;][divider line_type=&#8221;No Line&#8221; custom_height=&#8221;25&#8243;][vc_custom_heading text=&#8221;Certificates&#8221; font_container=&#8221;tag:h2|font_size:40px|text_align:left|color:%23000000&#8243; google_fonts=&#8221;font_family:Montserrat%3Aregular%2C700|font_style:700%20bold%20regular%3A700%3Anormal&#8221; css_animation=&#8221;fadeIn&#8221;][\/vc_column_inner][vc_column_inner column_padding=&#8221;no-extra-padding&#8221; column_padding_tablet=&#8221;inherit&#8221; column_padding_phone=&#8221;inherit&#8221; column_padding_position=&#8221;all&#8221; column_element_direction_desktop=&#8221;default&#8221; column_element_spacing=&#8221;default&#8221; desktop_text_alignment=&#8221;center&#8221; tablet_text_alignment=&#8221;default&#8221; phone_text_alignment=&#8221;default&#8221; background_color_opacity=&#8221;1&#8243; background_hover_color_opacity=&#8221;1&#8243; column_backdrop_filter=&#8221;none&#8221; column_shadow=&#8221;none&#8221; column_border_radius=&#8221;none&#8221; column_link_target=&#8221;_self&#8221; overflow=&#8221;visible&#8221; el_class=&#8221;bw-usluge-gumbcolumn&#8221; gradient_direction=&#8221;left_to_right&#8221; overlay_strength=&#8221;0.3&#8243; width=&#8221;1\/2&#8243; tablet_width_inherit=&#8221;default&#8221; animation_type=&#8221;default&#8221; bg_image_animation=&#8221;none&#8221; border_type=&#8221;simple&#8221; column_border_width=&#8221;none&#8221; column_border_style=&#8221;solid&#8221; column_padding_type=&#8221;default&#8221; gradient_type=&#8221;default&#8221;][nectar_btn size=&#8221;jumbo&#8221; button_style=&#8221;regular&#8221; button_color_2=&#8221;extra-color-gradient-2&#8243; icon_family=&#8221;none&#8221; el_class=&#8221;bw-button-usluge&#8221; url=&#8221;#more&#8221; text=&#8221;More&#8221; css_animation=&#8221;zoomIn&#8221;][\/vc_column_inner][\/vc_row_inner][\/vc_column][\/vc_row][vc_row type=&#8221;in_container&#8221; full_screen_row_position=&#8221;middle&#8221; column_margin=&#8221;default&#8221; column_direction=&#8221;default&#8221; column_direction_tablet=&#8221;default&#8221; column_direction_phone=&#8221;default&#8221; scene_position=&#8221;center&#8221; top_padding=&#8221;5%&#8221; bottom_padding=&#8221;8%&#8221; constrain_group_2=&#8221;yes&#8221; text_color=&#8221;dark&#8221; text_align=&#8221;left&#8221; row_border_radius=&#8221;none&#8221; row_border_radius_applies=&#8221;bg&#8221; overflow=&#8221;visible&#8221; class=&#8221;ds-project-toggle&#8221; id=&#8221;more&#8221; advanced_gradient_angle=&#8221;0&#8243; overlay_strength=&#8221;0.3&#8243; gradient_direction=&#8221;left_to_right&#8221; shape_divider_color=&#8221;#eca83b&#8221; shape_divider_position=&#8221;bottom&#8221; shape_divider_height=&#8221;11&#8243; shape_divider_bring_to_front=&#8221;true&#8221; bg_image_animation=&#8221;none&#8221; shape_type=&#8221;straight_section&#8221; gradient_type=&#8221;default&#8221;][vc_column column_padding=&#8221;no-extra-padding&#8221; column_padding_tablet=&#8221;inherit&#8221; column_padding_phone=&#8221;inherit&#8221; column_padding_position=&#8221;all&#8221; column_element_direction_desktop=&#8221;default&#8221; column_element_spacing=&#8221;5px&#8221; desktop_text_alignment=&#8221;default&#8221; tablet_text_alignment=&#8221;default&#8221; phone_text_alignment=&#8221;default&#8221; background_color_opacity=&#8221;1&#8243; background_hover_color_opacity=&#8221;1&#8243; column_backdrop_filter=&#8221;none&#8221; column_shadow=&#8221;none&#8221; column_border_radius=&#8221;none&#8221; column_link_target=&#8221;_self&#8221; column_position=&#8221;default&#8221; advanced_gradient_angle=&#8221;0&#8243; gradient_direction=&#8221;radial&#8221; overlay_strength=&#8221;0.5&#8243; width=&#8221;1\/1&#8243; tablet_width_inherit=&#8221;default&#8221; animation_type=&#8221;default&#8221; bg_image_animation=&#8221;none&#8221; border_type=&#8221;simple&#8221; column_border_width=&#8221;none&#8221; column_border_style=&#8221;solid&#8221; gradient_type=&#8221;default&#8221; column_padding_type=&#8221;default&#8221;][image_with_animation image_url=&#8221;2295&#8243; image_size=&#8221;full&#8221; animation_type=&#8221;entrance&#8221; animation=&#8221;None&#8221; animation_movement_type=&#8221;transform_y&#8221; hover_animation=&#8221;none&#8221; alignment=&#8221;center&#8221; border_radius=&#8221;none&#8221; box_shadow=&#8221;none&#8221; image_loading=&#8221;default&#8221; max_width=&#8221;100%&#8221; max_width_mobile=&#8221;default&#8221; position_desktop=&#8221;absolute&#8221; top_position_desktop=&#8221;0&#8243; bottom_position_desktop=&#8221;0&#8243; left_position_desktop=&#8221;0&#8243; right_position_desktop=&#8221;0&#8243; zindex=&#8221;1&#8243; el_class=&#8221;hideonmobile1000&#8243;][vc_row_inner column_margin=&#8221;default&#8221; column_direction=&#8221;default&#8221; column_direction_tablet=&#8221;default&#8221; column_direction_phone=&#8221;default&#8221; bottom_padding=&#8221;15px&#8221; left_padding_desktop=&#8221;20%&#8221; constrain_group_2=&#8221;yes&#8221; right_padding_desktop=&#8221;20%&#8221; left_padding_tablet=&#8221;0&#8243; constrain_group_4=&#8221;yes&#8221; right_padding_tablet=&#8221;0&#8243; top_padding_phone=&#8221;5%&#8221; left_padding_phone=&#8221;0&#8243; constrain_group_6=&#8221;yes&#8221; right_padding_phone=&#8221;0&#8243; text_align=&#8221;left&#8221; row_position=&#8221;default&#8221; row_position_tablet=&#8221;inherit&#8221; row_position_phone=&#8221;inherit&#8221; overflow=&#8221;visible&#8221; pointer_events=&#8221;all&#8221;][vc_column_inner column_padding=&#8221;no-extra-padding&#8221; column_padding_tablet=&#8221;inherit&#8221; column_padding_phone=&#8221;inherit&#8221; column_padding_position=&#8221;all&#8221; column_element_direction_desktop=&#8221;default&#8221; column_element_spacing=&#8221;0px&#8221; desktop_text_alignment=&#8221;default&#8221; tablet_text_alignment=&#8221;default&#8221; phone_text_alignment=&#8221;default&#8221; background_color_opacity=&#8221;1&#8243; background_hover_color_opacity=&#8221;1&#8243; column_backdrop_filter=&#8221;none&#8221; column_shadow=&#8221;none&#8221; column_border_radius=&#8221;none&#8221; column_link_target=&#8221;_self&#8221; overflow=&#8221;visible&#8221; el_class=&#8221;bw-font-bold&#8221; advanced_gradient_angle=&#8221;0&#8243; gradient_direction=&#8221;left_to_right&#8221; overlay_strength=&#8221;0.3&#8243; width=&#8221;1\/1&#8243; tablet_width_inherit=&#8221;default&#8221; animation_type=&#8221;default&#8221; bg_image_animation=&#8221;none&#8221; border_type=&#8221;simple&#8221; column_border_width=&#8221;none&#8221; column_border_style=&#8221;solid&#8221; gradient_type=&#8221;default&#8221; column_padding_type=&#8221;default&#8221;][vc_custom_heading text=&#8221;Certifikati&#8221; font_container=&#8221;tag:h2|font_size:48px|text_align:center|color:%23000000&#8243; google_fonts=&#8221;font_family:Montserrat%3Aregular%2C700|font_style:700%20bold%20regular%3A700%3Anormal&#8221; css_animation=&#8221;fadeIn&#8221;][divider line_type=&#8221;No Line&#8221; custom_height=&#8221;5vh&#8221;][toggles style=&#8221;minimal_shadow&#8221; accordion=&#8221;true&#8221; accordion_starting_functionality=&#8221;closed&#8221; border_radius=&#8221;none&#8221;][toggle color=&#8221;Default&#8221; heading_tag=&#8221;default&#8221; heading_tag_functionality=&#8221;default&#8221; title=&#8221;ISO 9001&#8243;][vc_column_text]\n<div class=\"page\" title=\"Page 1\">\n<div class=\"layoutArea\">\n<div class=\"column\">\n<p>ISO 9001:2015 je globalno priznata norma za upravljanje kvalitetom. Primjenjuju je organizacije svih veli\u010dina i sektora za unaprje\u0111enje svoje kvalitete, te time ispunjenje o\u010dekivanja kupaca. Zahtjevi norme definiraju kako uspostaviti, implementirati, odr\u017eavati i kontinuirano unaprje\u0111ivati sustav upravljanja kvalitetom (QMS).<\/p>\n<p>Implementiranjem ISO 9001, Va\u0161a organizacija provodi u\u010dinkovite procese i zaposleni su educirani za isporuku besprijekornih proizvoda ili usluga.<\/p>\n<p>S vi\u0161e od milijun izdanih certifikata organizacijama u 189 zemalja, ISO 9001 je naj\u010de\u0161\u0107e kori\u0161ten standard upravljanja kvalitetom u svijetu. Unutar standarda ISO 9000, koji definira sedam na\u010dela upravljanja kvalitetom, uklju\u010duju\u0107i sna\u017enu usredoto\u010denost na kupca i stalno pobolj\u0161anje, ISO 9001 je jedini standard za certificiranje (iako certifikacija nije obavezna).<\/p>\n<p>Poslovne prednosti uklju\u010duju:<\/p>\n<ul>\n<li>Povjerenje kupaca: Standard osigurava da organizacije imaju detaljne procese kontrole kvalitete, \u0161to dovodi do pove\u0107anog povjerenja i zadovoljstva kupaca.<\/li>\n<li>U\u010dinkovito rje\u0161avanje pritu\u017ebi: ISO 9001 nudi smjernice za u\u010dinkovito rje\u0161avanje pritu\u017ebi kupaca, pridonose\u0107i pravodobnom i zadovoljavaju\u0107em rje\u0161avanju problema.<\/li>\n<li>Pobolj\u0161anje procesa: Standard poma\u017ee u prepoznavanju i uklanjanju neu\u010dinkovitosti, smanjenju otpada, pojednostavljenju operacija i promicanju informiranog dono\u0161enja odluka, \u0161to rezultira u\u0161tedama tro\u0161kova i boljim rezultatima.<\/li>\n<li>Stalna optimizacija: Redovite revizije i pregledi koje poti\u010de ISO 9001 omogu\u0107uju organizacijama da kontinuirano pobolj\u0161avaju svoje sustave upravljanja kvalitetom, ostanu konkurentne i postignu dugoro\u010dni uspjeh.<\/li>\n<\/ul>\n<\/div>\n<\/div>\n<\/div>\n[\/vc_column_text][vc_column_text]<span style=\"color: #5c00cc;\"><a style=\"color: #5c00cc;\" href=\"https:\/\/prointegris.hr\/wp-content\/uploads\/2025\/02\/ISO-9001-2015-PRO-INTEGRIS-2024-QM_HR.pdf\" target=\"_blank\" rel=\"noopener\"><span style=\"text-decoration: underline;\">Pregled certifikata<\/span><\/a><\/span>[\/vc_column_text][divider line_type=&#8221;No Line&#8221; custom_height=&#8221;20&#8243;][\/toggle][toggle color=&#8221;Default&#8221; heading_tag=&#8221;default&#8221; heading_tag_functionality=&#8221;default&#8221; title=&#8221;ISO 14001&#8243;][vc_column_text]\n<div class=\"o-layout__item u-2\/3-lap u-1\/2-desk\">\n<div id=\"c110240\" data-ctype=\"textmedia\">\n<div class=\"ce-textpic ce-center ce-above\">\n<div class=\"c-text \">\n<p>ISO 14001:2015 je me\u0111unarodno priznata norma za sustave upravljanja okoli\u0161em (EMS). Osigurava okvir dizajniranja i implementacije EMS-a i kontinuirano unaprje\u0111enje njihove ekolo\u0161ke u\u010dinkovitosti. Pridr\u017eavaju\u0107i se ovog standarda, organizacije mogu osigurati da poduzimaju proaktivne mjere za smanjenje svog utjecaja na okoli\u0161, u skladu s relevantnim zakonskim zahtjevima i postizanje svojih ekolo\u0161kih ciljeva. Okvir obuhva\u0107a razli\u010dite aspekte, od kori\u0161tenja resursa i upravljanja otpadom, do pra\u0107enja ekolo\u0161ke u\u010dinkovitosti i uklju\u010divanja tre\u0107ih strana u ekolo\u0161ke obveze. Usvajanjem ovog standarda, organizacije signaliziraju predanost ne samo uskla\u0111enosti s propisima, ve\u0107 i stalnom pobolj\u0161anju okoli\u0161a. Ovaj proaktivni pristup upravljanju okoli\u0161em mo\u017ee rezultirati opipljivim prednostima, poput smanjenog otpada, o\u010duvanja energije i u\u0161tede tro\u0161kova.<\/p>\n<p>ISO 14001 pospje\u0161uje ugled organizacije, unosi povjerenje tre\u0107ih strana i \u010desto predstavlja klju\u010dni korak za uklju\u010divanje u globalnu trgovinu i lance opskrbe. Ovom normom dokazuje se predanost organizacije u odr\u017eivoj budu\u0107nosti, spajaju\u0107i odgovornost prema okoli\u0161u sa strate\u0161kim rastom poslovanja.<\/p>\n<\/div>\n<\/div>\n<\/div>\n<\/div>\n[\/vc_column_text][vc_column_text]<a href=\"https:\/\/prointegris.hr\/wp-content\/uploads\/2025\/02\/ISO-14001-2015-PRO-INTEGRIS-2024-HR.pdf\" target=\"_blank\" rel=\"noopener\"><span style=\"color: #5c00cc;\"><span style=\"text-decoration: underline;\">Pregled certifikata<\/span><\/span><\/a>[\/vc_column_text][\/toggle][toggle color=&#8221;Default&#8221; heading_tag=&#8221;default&#8221; heading_tag_functionality=&#8221;default&#8221; title=&#8221;ISO\/IEC 27001&#8243;][vc_column_text]ISO\/IEC 27001:2022 najpoznatiji je svjetski standard za sustave upravljanja sigurno\u0161\u0107u informacija (ISMS). Definira zahtjeve koje ISMS mora ispuniti.<\/p>\n<p>Norma omogu\u0107ava tvrtkama bilo koje veli\u010dine i iz svih sektora djelatnosti smjernice za uspostavljanje, implementaciju, odr\u017eavanje i stalno pobolj\u0161avanje sustava upravljanja sigurno\u0161\u0107u informacija.<\/p>\n<p>Sukladnost s ISO\/IEC 27001 zna\u010di da je organizacija ili tvrtka postavila sustav za upravljanje rizicima koji se odnose na sigurnost podataka u vlasni\u0161tvu ili kojima tvrtka rukuje, te da taj sustav po\u0161tuje sve najbolje prakse i na\u010dela sadr\u017eana u ovoj me\u0111unarodnoj normi.<\/p>\n<p>Uz rastu\u0107i kiberneti\u010dki kriminal i stalno pojavljivanje novih prijetnji, mo\u017ee se \u010diniti da je te\u0161ko ili \u010dak nemogu\u0107e upravljati kiberneti\u010dkim rizicima. ISO\/IEC 27001 poma\u017ee organizacijama da postanu svjesne rizika i proaktivno prepoznaju i rije\u0161e slabosti.<\/p>\n<p>ISO\/IEC 27001 promi\u010de holisti\u010dki pristup informacijskoj sigurnosti: provjera ljudi, politike i tehnologije. Sustav upravljanja informacijskom sigurno\u0161\u0107u implementiran prema ovoj normi je alat za upravljanje rizicima, kiberneti\u010dku otpornost i operativnu izvrsnost.<\/p>\n<p>Implementacija sigurnosnog okvira informacija navedenog u standardu ISO\/IEC 27001:2022 poma\u017ee:<\/p>\n<ul>\n<li>Smanjiti izlo\u017eenost prijetnjama kiberneti\u010dkih napada<\/li>\n<li>Odgovoriti na sve ve\u0107e sigurnosne rizike<\/li>\n<li>Osigurati da imovina kao \u0161to su financijska izvje\u0161\u0107a, intelektualno vlasni\u0161tvo, podaci o zaposlenicima i informacije koje su povjerili partneri ostanu neo\u0161te\u0107ene, povjerljive i dostupne prema potrebi<\/li>\n<li>Pru\u017eati centralno upravljanje koje osigurava sve informacije na jednom mjestu<\/li>\n<li>Pripremiti ljude, procese i tehnologiju u cijeloj organizaciji obukom o tehnolo\u0161kim rizicima i drugim prijetnjama<\/li>\n<li>Za\u0161tititi informacije u svim oblicima, uklju\u010duju\u0107i papirnate i digitalne podatke<\/li>\n<li>U\u0161tediti novac pove\u0107anjem u\u010dinkovitosti i smanjenjem tro\u0161kova za neu\u010dinkovitu obrambenu tehnologiju<\/li>\n<\/ul>\n[\/vc_column_text][vc_column_text]<span style=\"color: #5c00cc;\"><a style=\"color: #5c00cc;\" href=\"https:\/\/prointegris.hr\/wp-content\/uploads\/2025\/02\/20320059_Pro-Integris-2023-27001-kro-RECA-gap-annex.pdf\" target=\"_blank\" rel=\"noopener\"><span style=\"text-decoration: underline;\">Pregled certifikata<\/span><\/a><\/span><\/p>\n<p><span style=\"color: #5c00cc;\"><a style=\"color: #5c00cc;\" href=\"https:\/\/prointegris.hr\/wp-content\/uploads\/2025\/11\/Politika-informacijske-sigurnosti.pdf\" target=\"_blank\" rel=\"noopener\">Politika informacijske sigurnosti<\/a><\/span>[\/vc_column_text][\/toggle][toggle color=&#8221;Default&#8221; heading_tag=&#8221;default&#8221; heading_tag_functionality=&#8221;default&#8221; title=&#8221;ISO 45001&#8243;][vc_column_text]\n<div class=\"o-layout o-layout--right o-layout--large u-mb \">\n<div class=\"o-layout__item u-2\/3-lap u-1\/2-desk\">\n<div id=\"c110306\" data-ctype=\"textmedia\">\n<div class=\"ce-textpic ce-center ce-above\">\n<div class=\"c-text \">\n<p>ISO 45001:2018 me\u0111unarodna je norma koja utvr\u0111uje zahtjeve za sustav upravljanja zdravljem i sigurno\u0161\u0107u na radu (OH&amp;S). Osigurava okvir za upravljanje rizicima i pobolj\u0161anje OH&amp;S performansi.<\/p>\n<p>Norma utvr\u0111uje kriterije za OH&amp;S politiku, ciljeve, planiranje, implementaciju, rad, reviziju i pregled. Klju\u010dni elementi uklju\u010duju predanost vodstva, sudjelovanje radnika, identifikaciju opasnosti i procjenu rizika, uskla\u0111enost sa zakonima i propisima, planiranje za hitne slu\u010dajeve, istragu incidenta i kontinuirano pobolj\u0161anje.<\/p>\n<p>ISO 45001 koristi metodologiju Plan-Do-Check-Act za sustavno upravljanje zdravstvenim i sigurnosnim rizicima. Primjenjuje se na organizacije svih veli\u010dina i mo\u017ee se integrirati s drugim ISO standardima sustava upravljanja.<\/p>\n<p>Implementacija ISO 45001 pru\u017ea zna\u010dajnu vrijednost organizacijama koje \u017eele smanjiti ozljede na radnom mjestu i pokazati predanost OH&amp;S-u. Pogodnosti uklju\u010duju:<\/p>\n<ul>\n<li>ISO 45001 pru\u017ea me\u0111unarodno priznati okvir za upravljanje rizicima za zdravlje i sigurnost na radu. Organizacijama omogu\u0107uje sustavnu procjenu opasnosti i provedbu mjera kontrole rizika, \u0161to dovodi do smanjenja ozljeda na radnom mjestu, bolesti i incidenata.<\/li>\n<li>Usvajanje standarda pokazuje zaposlenicima i vanjskim suradnicima da je organizacija predana zdravlju, sigurnosti i dobrobiti radnika, \u0161to unaprje\u0111uje ugled, moral i zadr\u017eavanje radnika.<\/li>\n<li>Norma zahtijeva uskla\u0111enost s propisima o za\u0161titi na radu, osiguravaju\u0107i zakonsku uskla\u0111enost. Tako\u0111er promi\u010de proaktivno upravljanje rizikom, potencijalno smanjuju\u0107i premije osiguranja.<\/li>\n<li>Zahtijevanjem pripravnosti i protokola za hitne slu\u010dajeve, ISO 45001 ja\u010da organizacijsku otpornost na sigurnosne prijetnje i krize.<\/li>\n<li>Okvir Plan-Do-Check-Act zna\u010di da se OH&amp;S sustav mo\u017ee neprestano unaprje\u0111ivati i razvijati, te predstavlja dugoro\u010dno o\u010duvanje zdravlja i sigurnosti radnika.<\/li>\n<\/ul>\n<p>ISO 45001 omogu\u0107uje organizacijama da bolje za\u0161tite svoje radnike i upravljaju OH&amp;S rizicima, \u0161to ga \u010dini klju\u010dnim standardom u cijelom svijetu.<\/p>\n<\/div>\n<\/div>\n<\/div>\n<\/div>\n<\/div>\n[\/vc_column_text][vc_column_text]<span style=\"color: #5c00cc;\"><a style=\"color: #5c00cc;\" href=\"https:\/\/prointegris.hr\/wp-content\/uploads\/2025\/02\/pdf_12623220-001-PRO-INTEGRIS-ZG-23-AV-45001-Kroatisch.pdf\" target=\"_blank\" rel=\"noopener\"><span style=\"text-decoration: underline;\">Pregled certifikata<\/span><\/a><\/span>[\/vc_column_text][\/toggle][toggle color=&#8221;Default&#8221; heading_tag=&#8221;default&#8221; heading_tag_functionality=&#8221;default&#8221; title=&#8221;Izjava Uprave o upravljanju klimatskim rizicima u kontekstu upravljanja ISO sustavima&#8221;][vc_column_text]<span style=\"color: #5c00cc;\"><a style=\"color: #5c00cc;\" href=\"https:\/\/prointegris.hr\/wp-content\/uploads\/2025\/05\/Izjava-Uprave-o-upravljanju-klimatskim-rizicima-u-kontekstu-upravljanja-ISO-sustavima.pdf\" target=\"_blank\" rel=\"noopener\"><span style=\"text-decoration: underline;\">Izjava Uprave o upravljanju klimatskim rizicima u kontekstu upravljanja ISO sustavima<\/span><\/a><\/span>[\/vc_column_text][\/toggle][\/toggles][\/vc_column_inner][\/vc_row_inner][\/vc_column][\/vc_row]\n","protected":false},"excerpt":{"rendered":"<p>[vc_row type=&#8221;full_width_content&#8221; full_screen_row_position=&#8221;middle&#8221; column_margin=&#8221;default&#8221; column_direction=&#8221;default&#8221; column_direction_tablet=&#8221;default&#8221; column_direction_phone=&#8221;default&#8221; bg_image=&#8221;3346&#8243; bg_position=&#8221;center bottom&#8221; background_image_loading=&#8221;default&#8221; bg_repeat=&#8221;no-repeat&#8221; full_height=&#8221;yes&#8221; columns_placement=&#8221;bottom&#8221; scene_position=&#8221;center&#8221; text_color=&#8221;dark&#8221; text_align=&#8221;left&#8221; row_border_radius=&#8221;none&#8221; row_border_radius_applies=&#8221;bg&#8221; overflow=&#8221;visible&#8221; disable_element=&#8221;yes&#8221; overlay_strength=&#8221;0.3&#8243; gradient_direction=&#8221;left_to_right&#8221; shape_divider_position=&#8221;bottom&#8221; bg_image_animation=&#8221;slight-zoom-out-reveal&#8221; parallax_bg=&#8221;true&#8221; parallax_bg_speed=&#8221;fast&#8221; gradient_type=&#8221;default&#8221; shape_type=&#8221;&#8221;][vc_column column_padding=&#8221;no-extra-padding&#8221;&#8230;<\/p>\n","protected":false},"author":1,"featured_media":0,"parent":0,"menu_order":28,"comment_status":"closed","ping_status":"closed","template":"","meta":{"inline_featured_image":false,"footnotes":""},"class_list":["post-3848","page","type-page","status-publish"],"aioseo_notices":[],"_links":{"self":[{"href":"https:\/\/prointegris.hr\/hr\/wp-json\/wp\/v2\/pages\/3848","targetHints":{"allow":["GET"]}}],"collection":[{"href":"https:\/\/prointegris.hr\/hr\/wp-json\/wp\/v2\/pages"}],"about":[{"href":"https:\/\/prointegris.hr\/hr\/wp-json\/wp\/v2\/types\/page"}],"author":[{"embeddable":true,"href":"https:\/\/prointegris.hr\/hr\/wp-json\/wp\/v2\/users\/1"}],"replies":[{"embeddable":true,"href":"https:\/\/prointegris.hr\/hr\/wp-json\/wp\/v2\/comments?post=3848"}],"version-history":[{"count":19,"href":"https:\/\/prointegris.hr\/hr\/wp-json\/wp\/v2\/pages\/3848\/revisions"}],"predecessor-version":[{"id":4199,"href":"https:\/\/prointegris.hr\/hr\/wp-json\/wp\/v2\/pages\/3848\/revisions\/4199"}],"wp:attachment":[{"href":"https:\/\/prointegris.hr\/hr\/wp-json\/wp\/v2\/media?parent=3848"}],"curies":[{"name":"wp","href":"https:\/\/api.w.org\/{rel}","templated":true}]}}