{"id":2924,"date":"2023-05-25T11:30:24","date_gmt":"2023-05-25T09:30:24","guid":{"rendered":"https:\/\/prointegris.hr\/eu-financiranje\/"},"modified":"2025-11-12T09:50:43","modified_gmt":"2025-11-12T08:50:43","slug":"eu-projekti","status":"publish","type":"page","link":"https:\/\/prointegris.hr\/hr\/eu-projekti\/","title":{"rendered":"EU projekti"},"content":{"rendered":"[vc_row type=&#8221;full_width_content&#8221; full_screen_row_position=&#8221;middle&#8221; column_margin=&#8221;default&#8221; column_direction=&#8221;default&#8221; column_direction_tablet=&#8221;default&#8221; column_direction_phone=&#8221;default&#8221; bg_image=&#8221;2644&#8243; bg_position=&#8221;center bottom&#8221; background_image_loading=&#8221;default&#8221; bg_repeat=&#8221;no-repeat&#8221; full_height=&#8221;yes&#8221; columns_placement=&#8221;bottom&#8221; scene_position=&#8221;center&#8221; text_color=&#8221;dark&#8221; text_align=&#8221;left&#8221; row_border_radius=&#8221;none&#8221; row_border_radius_applies=&#8221;bg&#8221; overflow=&#8221;visible&#8221; disable_element=&#8221;yes&#8221; overlay_strength=&#8221;0.3&#8243; gradient_direction=&#8221;left_to_right&#8221; shape_divider_position=&#8221;bottom&#8221; bg_image_animation=&#8221;slight-zoom-out-reveal&#8221; parallax_bg=&#8221;true&#8221; parallax_bg_speed=&#8221;fast&#8221; gradient_type=&#8221;default&#8221; shape_type=&#8221;&#8221;][vc_column column_padding=&#8221;no-extra-padding&#8221; column_padding_tablet=&#8221;inherit&#8221; column_padding_phone=&#8221;inherit&#8221; column_padding_position=&#8221;all&#8221; column_element_direction_desktop=&#8221;default&#8221; column_element_spacing=&#8221;default&#8221; desktop_text_alignment=&#8221;default&#8221; tablet_text_alignment=&#8221;default&#8221; phone_text_alignment=&#8221;default&#8221; background_color_opacity=&#8221;1&#8243; background_hover_color_opacity=&#8221;1&#8243; column_backdrop_filter=&#8221;none&#8221; column_shadow=&#8221;none&#8221; column_border_radius=&#8221;none&#8221; column_link_target=&#8221;_self&#8221; column_position=&#8221;default&#8221; el_class=&#8221;bw-usluge-hero-flex&#8221; gradient_direction=&#8221;left_to_right&#8221; overlay_strength=&#8221;0.3&#8243; width=&#8221;1\/1&#8243; tablet_width_inherit=&#8221;default&#8221; animation_type=&#8221;default&#8221; bg_image_animation=&#8221;none&#8221; border_type=&#8221;simple&#8221; column_border_width=&#8221;none&#8221; column_border_style=&#8221;solid&#8221; column_padding_type=&#8221;default&#8221; gradient_type=&#8221;default&#8221;][vc_row_inner content_placement=&#8221;bottom&#8221; column_margin=&#8221;default&#8221; column_direction=&#8221;default&#8221; column_direction_tablet=&#8221;default&#8221; column_direction_phone=&#8221;default&#8221; bottom_padding=&#8221;100px&#8221; left_padding_desktop=&#8221;10%&#8221; right_padding_desktop=&#8221;1%&#8221; left_padding_tablet=&#8221;6%&#8221; constrain_group_4=&#8221;yes&#8221; right_padding_tablet=&#8221;6%&#8221; left_padding_phone=&#8221;5%&#8221; right_padding_phone=&#8221;5%&#8221; text_align=&#8221;left&#8221; row_position=&#8221;default&#8221; row_position_tablet=&#8221;inherit&#8221; row_position_phone=&#8221;inherit&#8221; overflow=&#8221;visible&#8221; pointer_events=&#8221;all&#8221;][vc_column_inner column_padding=&#8221;padding-2-percent&#8221; column_padding_tablet=&#8221;inherit&#8221; column_padding_phone=&#8221;inherit&#8221; column_padding_position=&#8221;all&#8221; column_element_direction_desktop=&#8221;default&#8221; column_element_spacing=&#8221;default&#8221; desktop_text_alignment=&#8221;default&#8221; tablet_text_alignment=&#8221;default&#8221; phone_text_alignment=&#8221;default&#8221; background_color=&#8221;#ffffff&#8221; background_color_opacity=&#8221;0.9&#8243; background_hover_color_opacity=&#8221;1&#8243; column_backdrop_filter=&#8221;none&#8221; column_shadow=&#8221;none&#8221; column_border_radius=&#8221;none&#8221; column_link_target=&#8221;_self&#8221; overflow=&#8221;visible&#8221; el_class=&#8221;bw-usluge-headingbck&#8221; gradient_direction=&#8221;left_to_right&#8221; overlay_strength=&#8221;0.3&#8243; width=&#8221;1\/2&#8243; tablet_width_inherit=&#8221;default&#8221; animation_type=&#8221;default&#8221; bg_image_animation=&#8221;none&#8221; border_type=&#8221;simple&#8221; column_border_width=&#8221;none&#8221; column_border_style=&#8221;solid&#8221; column_padding_type=&#8221;default&#8221; gradient_type=&#8221;default&#8221;][image_with_animation image_url=&#8221;3363&#8243; image_size=&#8221;full&#8221; animation_type=&#8221;entrance&#8221; animation=&#8221;None&#8221; animation_movement_type=&#8221;transform_y&#8221; hover_animation=&#8221;none&#8221; alignment=&#8221;&#8221; border_radius=&#8221;none&#8221; box_shadow=&#8221;none&#8221; image_loading=&#8221;default&#8221; max_width=&#8221;custom&#8221; max_width_custom=&#8221;12%&#8221;][divider line_type=&#8221;No Line&#8221; custom_height=&#8221;25&#8243;][vc_custom_heading text=&#8221;EU Financing&#8221; font_container=&#8221;tag:h2|font_size:40px|text_align:left|color:%23000000&#8243; google_fonts=&#8221;font_family:Montserrat%3Aregular%2C700|font_style:700%20bold%20regular%3A700%3Anormal&#8221; css_animation=&#8221;fadeIn&#8221;][\/vc_column_inner][vc_column_inner column_padding=&#8221;no-extra-padding&#8221; column_padding_tablet=&#8221;inherit&#8221; column_padding_phone=&#8221;inherit&#8221; column_padding_position=&#8221;all&#8221; column_element_direction_desktop=&#8221;default&#8221; column_element_spacing=&#8221;default&#8221; desktop_text_alignment=&#8221;center&#8221; tablet_text_alignment=&#8221;default&#8221; phone_text_alignment=&#8221;default&#8221; background_color_opacity=&#8221;1&#8243; background_hover_color_opacity=&#8221;1&#8243; column_backdrop_filter=&#8221;none&#8221; column_shadow=&#8221;none&#8221; column_border_radius=&#8221;none&#8221; column_link_target=&#8221;_self&#8221; overflow=&#8221;visible&#8221; el_class=&#8221;bw-usluge-gumbcolumn&#8221; gradient_direction=&#8221;left_to_right&#8221; overlay_strength=&#8221;0.3&#8243; width=&#8221;1\/2&#8243; tablet_width_inherit=&#8221;default&#8221; animation_type=&#8221;default&#8221; bg_image_animation=&#8221;none&#8221; border_type=&#8221;simple&#8221; column_border_width=&#8221;none&#8221; column_border_style=&#8221;solid&#8221; column_padding_type=&#8221;default&#8221; gradient_type=&#8221;default&#8221;][nectar_btn size=&#8221;jumbo&#8221; button_style=&#8221;regular&#8221; button_color_2=&#8221;extra-color-gradient-2&#8243; icon_family=&#8221;none&#8221; el_class=&#8221;bw-button-usluge&#8221; url=&#8221;#more&#8221; text=&#8221;More&#8221; css_animation=&#8221;zoomIn&#8221;][\/vc_column_inner][\/vc_row_inner][\/vc_column][\/vc_row][vc_row type=&#8221;in_container&#8221; full_screen_row_position=&#8221;middle&#8221; column_margin=&#8221;default&#8221; column_direction=&#8221;default&#8221; column_direction_tablet=&#8221;default&#8221; column_direction_phone=&#8221;default&#8221; scene_position=&#8221;center&#8221; top_padding=&#8221;5%&#8221; bottom_padding=&#8221;8%&#8221; constrain_group_2=&#8221;yes&#8221; text_color=&#8221;dark&#8221; text_align=&#8221;left&#8221; row_border_radius=&#8221;none&#8221; row_border_radius_applies=&#8221;bg&#8221; overflow=&#8221;visible&#8221; class=&#8221;ds-project-toggle&#8221; id=&#8221;more&#8221; advanced_gradient_angle=&#8221;0&#8243; overlay_strength=&#8221;0.3&#8243; gradient_direction=&#8221;left_to_right&#8221; shape_divider_color=&#8221;#eca83b&#8221; shape_divider_position=&#8221;bottom&#8221; shape_divider_height=&#8221;11&#8243; shape_divider_bring_to_front=&#8221;true&#8221; bg_image_animation=&#8221;none&#8221; shape_type=&#8221;straight_section&#8221; gradient_type=&#8221;default&#8221;][vc_column column_padding=&#8221;no-extra-padding&#8221; column_padding_tablet=&#8221;inherit&#8221; column_padding_phone=&#8221;inherit&#8221; column_padding_position=&#8221;all&#8221; column_element_direction_desktop=&#8221;default&#8221; column_element_spacing=&#8221;5px&#8221; desktop_text_alignment=&#8221;default&#8221; tablet_text_alignment=&#8221;default&#8221; phone_text_alignment=&#8221;default&#8221; background_color_opacity=&#8221;1&#8243; background_hover_color_opacity=&#8221;1&#8243; column_backdrop_filter=&#8221;none&#8221; column_shadow=&#8221;none&#8221; column_border_radius=&#8221;none&#8221; column_link_target=&#8221;_self&#8221; column_position=&#8221;default&#8221; advanced_gradient_angle=&#8221;0&#8243; gradient_direction=&#8221;radial&#8221; overlay_strength=&#8221;0.5&#8243; width=&#8221;1\/1&#8243; tablet_width_inherit=&#8221;default&#8221; animation_type=&#8221;default&#8221; bg_image_animation=&#8221;none&#8221; border_type=&#8221;simple&#8221; column_border_width=&#8221;none&#8221; column_border_style=&#8221;solid&#8221; gradient_type=&#8221;default&#8221; column_padding_type=&#8221;default&#8221;][image_with_animation image_url=&#8221;2295&#8243; image_size=&#8221;full&#8221; animation_type=&#8221;entrance&#8221; animation=&#8221;None&#8221; animation_movement_type=&#8221;transform_y&#8221; hover_animation=&#8221;none&#8221; alignment=&#8221;center&#8221; border_radius=&#8221;none&#8221; box_shadow=&#8221;none&#8221; image_loading=&#8221;default&#8221; max_width=&#8221;100%&#8221; max_width_mobile=&#8221;default&#8221; position_desktop=&#8221;absolute&#8221; top_position_desktop=&#8221;0&#8243; bottom_position_desktop=&#8221;0&#8243; left_position_desktop=&#8221;0&#8243; right_position_desktop=&#8221;0&#8243; zindex=&#8221;1&#8243; el_class=&#8221;hideonmobile1000&#8243;][vc_row_inner column_margin=&#8221;default&#8221; column_direction=&#8221;default&#8221; column_direction_tablet=&#8221;default&#8221; column_direction_phone=&#8221;default&#8221; bottom_padding=&#8221;15px&#8221; left_padding_desktop=&#8221;20%&#8221; constrain_group_2=&#8221;yes&#8221; right_padding_desktop=&#8221;20%&#8221; left_padding_tablet=&#8221;0&#8243; constrain_group_4=&#8221;yes&#8221; right_padding_tablet=&#8221;0&#8243; top_padding_phone=&#8221;5%&#8221; left_padding_phone=&#8221;0&#8243; constrain_group_6=&#8221;yes&#8221; right_padding_phone=&#8221;0&#8243; text_align=&#8221;left&#8221; row_position=&#8221;default&#8221; row_position_tablet=&#8221;inherit&#8221; row_position_phone=&#8221;inherit&#8221; overflow=&#8221;visible&#8221; pointer_events=&#8221;all&#8221;][vc_column_inner column_padding=&#8221;no-extra-padding&#8221; column_padding_tablet=&#8221;inherit&#8221; column_padding_phone=&#8221;inherit&#8221; column_padding_position=&#8221;all&#8221; column_element_direction_desktop=&#8221;default&#8221; column_element_spacing=&#8221;0px&#8221; desktop_text_alignment=&#8221;default&#8221; tablet_text_alignment=&#8221;default&#8221; phone_text_alignment=&#8221;default&#8221; background_color_opacity=&#8221;1&#8243; background_hover_color_opacity=&#8221;1&#8243; column_backdrop_filter=&#8221;none&#8221; column_shadow=&#8221;none&#8221; column_border_radius=&#8221;none&#8221; column_link_target=&#8221;_self&#8221; overflow=&#8221;visible&#8221; el_class=&#8221;bw-font-bold&#8221; advanced_gradient_angle=&#8221;0&#8243; gradient_direction=&#8221;left_to_right&#8221; overlay_strength=&#8221;0.3&#8243; width=&#8221;1\/1&#8243; tablet_width_inherit=&#8221;default&#8221; animation_type=&#8221;default&#8221; bg_image_animation=&#8221;none&#8221; border_type=&#8221;simple&#8221; column_border_width=&#8221;none&#8221; column_border_style=&#8221;solid&#8221; gradient_type=&#8221;default&#8221; column_padding_type=&#8221;default&#8221;][vc_custom_heading text=&#8221;Pogledajte sve na\u0161e projekte koje financira EU&#8221; font_container=&#8221;tag:h2|font_size:48px|text_align:center|color:%23000000&#8243; google_fonts=&#8221;font_family:Montserrat%3Aregular%2C700|font_style:700%20bold%20regular%3A700%3Anormal&#8221; css_animation=&#8221;fadeIn&#8221;][divider line_type=&#8221;No Line&#8221; custom_height=&#8221;5vh&#8221;][toggles style=&#8221;minimal_shadow&#8221; accordion=&#8221;true&#8221; accordion_starting_functionality=&#8221;closed&#8221; border_radius=&#8221;none&#8221;][toggle color=&#8221;Default&#8221; heading_tag=&#8221;default&#8221; heading_tag_functionality=&#8221;default&#8221; title=&#8221;Sudjelovanje na me\u0111unarodnim sajmovima i konferencijama na podru\u010dju elektroenergetike&#8221;][vc_column_text]U sklopu poziva za dostavu projektnih prijava Internacionalizacija poslovanja MSP-ova \u2013 Faza 2, Pro Integris d.o.o. provodi projekt Sudjelovanje na me\u0111unarodnim sajmovima i konferencijama na podru\u010dju elektroenergetike za koji su odobrena bespovratna sredstava za projekte koji se financiraju iz Europskih strukturnih i investicijskih fondova u financijskom razdoblju od 2014-2020., referentni broj projekta: KK.03.2.1.16.<\/p>\n<p>Cilj ovog Poziva je pove\u0107ati sposobnost hrvatskog gospodarstva za sudjelovanje na globalnim tr\u017ei\u0161tima te pridonijeti pove\u0107anju udjela MSP-ova u ukupnom izvozu roba i usluga olak\u0161avanjem predstavljanja me\u0111unarodnoj poslovnoj zajednici u inozemstvu.<\/p>\n<p>Naziv projekta: Sudjelovanje na me\u0111unarodnim sajmovima i konferencijama na podru\u010dju elektroenergetike<\/p>\n<p>Ukupni iznos projekta: 59.783,45 \u20ac<\/p>\n<p>Prihvatljivi tro\u0161kovi projekta: 33.238,89 \u20ac<\/p>\n<p>Ukupni iznos odobrene potpore: 28.253,05 \u20ac<\/p>\n<p>Trajanje projekta: 9. o\u017eujka 2020. \u2013 31. prosinac 2023.<\/p>\n<p>Kontakt osoba: Antonija Ara\u010di\u0107 Kati\u010di\u0107, +385 (0)1 617 00 22[\/vc_column_text][\/toggle][toggle color=&#8221;Default&#8221; heading_tag=&#8221;default&#8221; heading_tag_functionality=&#8221;default&#8221; title=&#8221;Uvo\u0111enje ERP-a i podr\u0161ke projektiranju, ispitivanju i testiranju sustava&#8221;][vc_column_text]U sklopu poziva na dostavu projektnih prijava \u201ePOBOLJ\u0160ANJE KONKURENTNOSTI I U\u010cINKOVITOSTI MSP-a KROZ INFORMACIJSKE I KOMUNIKACIJSKE TEHNOLOGIJE (IKT) \u2013 2\u201c Pro Integris d.o.o. provodi projekt Uvo\u0111enje ERP-a i podr\u0161ke projektiranju, ispitivanju i testiranju sustava, kojem su odobrena bespovratna sredstava za projekte koji se financiraju iz Europskih strukturnih i investicijskih fondova u financijskom razdoblju od 2014-2020, referentni broj projekta: \u00a0KK.03.2.1.19.0527.<\/p>\n<p>Tvrtka ima dinami\u010dan razvoj koji tra\u017ei uvo\u0111enje kvalitetnog IT-sustava i programa. Provedbom projekta unaprijedit \u0107e se uredska IT-infrastruktura i uskladiti njen kapacitet s potrebama, omogu\u0107iti opremanje novih radnih mjesta te uvesti novi ERP za upravljanje poslovnim procesima. Cilj je posti\u0107i standarde koje imaju vode\u0107e svjetske in\u017eenjering kompanije, a koji \u0107e doprinijeti rastu prodaje na inozemnim tr\u017ei\u0161tima, produktivnosti rada i novom zapo\u0161ljavanju. Ciljane skupine korisnika su uprava dru\u0161tva, zaposlenici projektanti i ispitiva\u010di na terenu i poslovni partneri.<\/p>\n<p><strong>Naziv projekta:\u00a0<\/strong>Uvo\u0111enje ERP-a i podr\u0161ke projektiranju, ispitivanju i testiranju sustava<br \/>\n<strong>Ukupni iznos projekta:<\/strong> 162.428,99 \u20ac<br \/>\n<strong>Prihvatljivi tro\u0161kovi projekta:<\/strong> 125.915,06 \u20ac<br \/>\n<strong>Ukupni iznos odobrene potpore:<\/strong> 81.844,79 \u20ac<br \/>\n<strong>Trajanje projekta:<\/strong>\u00a021.12.2018. \u2013 21.10.2020.<br \/>\n<strong>Kontakt osoba:\u00a0<\/strong>Antonija Ara\u010di\u0107 Kati\u010di\u0107, +385 (0)1 617 00 22[\/vc_column_text][\/toggle][toggle color=&#8221;Default&#8221; heading_tag=&#8221;default&#8221; heading_tag_functionality=&#8221;default&#8221; title=&#8221;Postupak javne nabave za osobe koje nisu obveznici zakona o javnoj nabavi (NOJN)&#8221;][vc_column_text]Oznaka i naziv nabave:<\/p>\n<p>N05\u00a0\u2013 Nabava\u00a0IT opreme i komercijalnih programa<\/p>\n<p>U skladu s to\u010dkom 23.2 Postupaka nabave, koji \u010dine i Prilog 4. POSTUPAK JAVNE NABAVE ZA OSOBE KOJE NISU OBVEZNICI ZAKONA O JAVNOJ NABAVI (NOJN), to\u010dka 17, PRO INTEGRIS d.o.o., Josipa Jovi\u0107a 7, 21000 Split, OIB: 21489337434, direktor Ivan Vi\u0161i\u0107 donosi ODLUKE O ODABIRU NAJBOLJE PONUDE<\/p>\n<p>I.<\/p>\n<p>Grupa 1<\/p>\n<p>U postupku nabave za osobe koji nisu obveznici Zakona o javnoj nabavi, PRO INTEGRIS d.o.o., Josipa Jovi\u0107a 7, 21000 Split, za predmet nabave N05 \u2013 Nabava IT opreme i komercijalnih programa _ Grupa 1, datuma Obavijest o nabavi 17.01.2020. godine, donijelo je Odluku o odabiru najpovoljnije ponude temeljem kriterija odabira ponude \u2013 najni\u017ea cijena, a kao najbolja ponuda odabrana je ponuda ponuditelja Integra Group d.o.o., Ede Murti\u0107a 4, 10000 Zagreb, OIB:74242216047.<\/p>\n<p>Grupa 2<\/p>\n<p>U postupku nabave za osobe koji nisu obveznici Zakona o javnoj nabavi, PRO INTEGRIS d.o.o., Josipa Jovi\u0107a 7, 21000 Split, za predmet nabave N05 \u2013 Nabava IT opreme i komercijalnih programa _ Grupa 2, datuma Obavijest o nabavi 17.01.2020. godine, donijelo je Odluku o odabiru najpovoljnije ponude temeljem kriterija odabira ponude \u2013 najni\u017ea cijena, a kao najbolja ponuda odabrana je ponuda ponuditelja Integra Group d.o.o., Ede Murti\u0107a 4, 10000 Zagreb, OIB:74242216047.<\/p>\n<p>II.<\/p>\n<p>Grupa 1<\/p>\n<p>Ukupna vrijednost odabrane ponude za nabavu N05 \u2013 Nabava IT opreme i komercijalnih programa _ Grupa 1 iznosi 17.176,32 \u20ac bez PDV-a, iznos PDV-a po stopi od 25% 4.294,08 \u20ac te ukupna cijena s PDV-om od 21.470,40 \u20ac.<\/p>\n<p>Nakon zaprimanja obvezuju\u0107e ponude, pregleda i ocjene ponude, utvrdilo se da je ponuda ponuditelja Integra Group d.o.o., Ede Murti\u0107a 4, 10000 Zagreb, valjana, te da u cijelosti ispunjava svrhu nabave, i da je prema primijenjenom kriteriju najpovoljnija.<\/p>\n<p>Grupa 2<\/p>\n<p>Ukupna vrijednost odabrane ponude za nabavu N05 \u2013 Nabava IT opreme i komercijalnih programa _ Grupa 2 iznosi 9.987,52 \u20ac bez PDV-a, iznos PDV-a po stopi od 25% 2.496,88 \u20ac te ukupna cijena s PDV-om od 12.484,41 \u20ac.<\/p>\n<p>Nakon zaprimanja obvezuju\u0107e ponude, pregleda i ocjene ponude, utvrdilo se da je ponuda ponuditelja Integra Group d.o.o., Ede Murti\u0107a 4, 10000 Zagreb valjana, te da u cijelosti ispunjava svrhu nabave i da je prema primijenjenom kriteriju najpovoljnija.<\/p>\n<p>Temeljem ove Odluke sklopit \u0107e se Ugovor s odabranim ponuditeljem.<\/p>\n<p>Ova Odluka stupa na snagu s danom dono\u0161enja.<\/p>\n<p>U Zagrebu, 30.01.2020. godine<\/p>\n<p>OSOBA OVLA\u0160TENA ZA ZASTUPANJE NARU\u010cITELJA (NOJN) Ivani Vi\u0161i\u0107, direktor[\/vc_column_text][\/toggle][\/toggles][\/vc_column_inner][\/vc_row_inner][\/vc_column][\/vc_row]\n","protected":false},"excerpt":{"rendered":"<p>[vc_row type=&#8221;full_width_content&#8221; full_screen_row_position=&#8221;middle&#8221; column_margin=&#8221;default&#8221; column_direction=&#8221;default&#8221; column_direction_tablet=&#8221;default&#8221; column_direction_phone=&#8221;default&#8221; bg_image=&#8221;2644&#8243; bg_position=&#8221;center bottom&#8221; background_image_loading=&#8221;default&#8221; bg_repeat=&#8221;no-repeat&#8221; full_height=&#8221;yes&#8221; columns_placement=&#8221;bottom&#8221; scene_position=&#8221;center&#8221; text_color=&#8221;dark&#8221; text_align=&#8221;left&#8221; row_border_radius=&#8221;none&#8221; row_border_radius_applies=&#8221;bg&#8221; overflow=&#8221;visible&#8221; disable_element=&#8221;yes&#8221; overlay_strength=&#8221;0.3&#8243; gradient_direction=&#8221;left_to_right&#8221; shape_divider_position=&#8221;bottom&#8221; bg_image_animation=&#8221;slight-zoom-out-reveal&#8221; parallax_bg=&#8221;true&#8221; parallax_bg_speed=&#8221;fast&#8221; gradient_type=&#8221;default&#8221; shape_type=&#8221;&#8221;][vc_column column_padding=&#8221;no-extra-padding&#8221;&#8230;<\/p>\n","protected":false},"author":1,"featured_media":0,"parent":0,"menu_order":30,"comment_status":"closed","ping_status":"closed","template":"","meta":{"inline_featured_image":false,"footnotes":""},"class_list":["post-2924","page","type-page","status-publish"],"aioseo_notices":[],"_links":{"self":[{"href":"https:\/\/prointegris.hr\/hr\/wp-json\/wp\/v2\/pages\/2924","targetHints":{"allow":["GET"]}}],"collection":[{"href":"https:\/\/prointegris.hr\/hr\/wp-json\/wp\/v2\/pages"}],"about":[{"href":"https:\/\/prointegris.hr\/hr\/wp-json\/wp\/v2\/types\/page"}],"author":[{"embeddable":true,"href":"https:\/\/prointegris.hr\/hr\/wp-json\/wp\/v2\/users\/1"}],"replies":[{"embeddable":true,"href":"https:\/\/prointegris.hr\/hr\/wp-json\/wp\/v2\/comments?post=2924"}],"version-history":[{"count":11,"href":"https:\/\/prointegris.hr\/hr\/wp-json\/wp\/v2\/pages\/2924\/revisions"}],"predecessor-version":[{"id":4204,"href":"https:\/\/prointegris.hr\/hr\/wp-json\/wp\/v2\/pages\/2924\/revisions\/4204"}],"wp:attachment":[{"href":"https:\/\/prointegris.hr\/hr\/wp-json\/wp\/v2\/media?parent=2924"}],"curies":[{"name":"wp","href":"https:\/\/api.w.org\/{rel}","templated":true}]}}