{"id":1892,"date":"2023-01-30T13:57:24","date_gmt":"2023-01-30T12:57:24","guid":{"rendered":"https:\/\/prointegris.hr\/?page_id=1892"},"modified":"2025-02-06T15:22:29","modified_gmt":"2025-02-06T14:22:29","slug":"obavijest-o-autorskim-i-srodnim-pravima","status":"publish","type":"page","link":"https:\/\/prointegris.hr\/hr\/obavijest-o-autorskim-i-srodnim-pravima\/","title":{"rendered":"Obavijest o autorskim i srodnim pravima"},"content":{"rendered":"[vc_row type=&#8221;in_container&#8221; full_screen_row_position=&#8221;middle&#8221; column_margin=&#8221;default&#8221; column_direction=&#8221;default&#8221; column_direction_tablet=&#8221;default&#8221; column_direction_phone=&#8221;default&#8221; scene_position=&#8221;center&#8221; text_color=&#8221;dark&#8221; text_align=&#8221;left&#8221; row_border_radius=&#8221;none&#8221; row_border_radius_applies=&#8221;bg&#8221; overflow=&#8221;visible&#8221; overlay_strength=&#8221;0.3&#8243; gradient_direction=&#8221;left_to_right&#8221; shape_divider_position=&#8221;bottom&#8221; bg_image_animation=&#8221;none&#8221;][vc_column column_padding=&#8221;no-extra-padding&#8221; column_padding_tablet=&#8221;inherit&#8221; column_padding_phone=&#8221;inherit&#8221; column_padding_position=&#8221;all&#8221; column_element_direction_desktop=&#8221;default&#8221; column_element_spacing=&#8221;default&#8221; desktop_text_alignment=&#8221;default&#8221; tablet_text_alignment=&#8221;default&#8221; phone_text_alignment=&#8221;default&#8221; background_color_opacity=&#8221;1&#8243; background_hover_color_opacity=&#8221;1&#8243; column_backdrop_filter=&#8221;none&#8221; column_shadow=&#8221;none&#8221; column_border_radius=&#8221;none&#8221; column_link_target=&#8221;_self&#8221; column_position=&#8221;default&#8221; gradient_direction=&#8221;left_to_right&#8221; overlay_strength=&#8221;0.3&#8243; width=&#8221;1\/1&#8243; tablet_width_inherit=&#8221;default&#8221; animation_type=&#8221;default&#8221; bg_image_animation=&#8221;none&#8221; border_type=&#8221;simple&#8221; column_border_width=&#8221;none&#8221; column_border_style=&#8221;solid&#8221;][vc_column_text]Tvrtka Pro Integris d.o.o., prikuplja podatke u svrhu izvr\u0161avanja ugovora, ispunjavanja ugovorne i predugovorne obveze kao i izravnu po\u0161tu u skladu s \u010dlankom 13. GDPR-a.<\/p>\n<p>Prikupljanje i obrada podataka potrebni su za izvr\u0161enje ugovora i temelje se na \u010dlanku 6. stavku 1. to\u010dki (b) GDPR-a. Prijenos podataka tre\u0107im stranama se ne doga\u0111a. Podaci se bri\u0161u \u010dim vi\u0161e nisu potrebni u svrhu njihove obrade.<\/p>\n<p>Imate pravo prigovoriti kori\u0161tenju Va\u0161ih podataka u svrhu slanja izravne po\u0161te u bilo kojem trenutku. Osim toga, imate pravo zatra\u017eiti informaciju o podacima koji su pohranjeni od nas i tra\u017eiti ispravku u slu\u010daju neto\u010dnosti podataka i pogre\u0161ke u slu\u010daju nedopustivog pohranjivanja podataka. Mo\u017eete se obratiti na\u0161em Slu\u017ebeniku za privatnost (<span style=\"color: #1556db;\"><a style=\"color: #1556db;\" href=\"mailto:gdpr@prointegris.hr\">gdpr@prointegris.hr<\/a><\/span>) i Voditelju obrade podataka (<span style=\"color: #1556db;\"><a style=\"color: #1556db;\" href=\"mailto:info@prointegris.hr\">info@prointegris.hr<\/a><\/span>). Tako\u0111er imate pravo \u017ealbe nadzornom tijelu.<\/p>\n<hr \/>\n<p>Svi sadr\u017eaji objavljeni na mre\u017enim stranicama PRO INTEGRIS d.o.o., uklju\u010duju\u0107i tekstualne, likovne i ostale materijale, za\u0161ti\u0107eni su zakonskim propisima o autorskim i srodnim pravima. Ponovna uporaba tekstualnih sadr\u017eaja i kori\u0161tenje fotografija i video zapisa nije dozvoljena bez prethodnog odobrenja PRO INTEGRIS d.o.o.<\/p>\n<p>U slu\u010daju prekr\u0161enog autorskog ili srodnog prava, ukoliko PRO INTEGRIS d.o.o. ocijeni to potrebnim, poduzet \u0107e potrebne mjere protiv prekr\u0161itelja i bez prethodnog upozorenja.<\/p>\n<p>&nbsp;<\/p>\n<p>U Zagrebu, 18. listopad 2018. godine.<\/p>\n<p><em>PRO INTEGRIS d.o.o.<\/em>[\/vc_column_text][\/vc_column][\/vc_row]\n","protected":false},"excerpt":{"rendered":"<p>[vc_row type=&#8221;in_container&#8221; full_screen_row_position=&#8221;middle&#8221; column_margin=&#8221;default&#8221; column_direction=&#8221;default&#8221; column_direction_tablet=&#8221;default&#8221; column_direction_phone=&#8221;default&#8221; scene_position=&#8221;center&#8221; text_color=&#8221;dark&#8221; text_align=&#8221;left&#8221; row_border_radius=&#8221;none&#8221; row_border_radius_applies=&#8221;bg&#8221; overflow=&#8221;visible&#8221; overlay_strength=&#8221;0.3&#8243; gradient_direction=&#8221;left_to_right&#8221; shape_divider_position=&#8221;bottom&#8221; bg_image_animation=&#8221;none&#8221;][vc_column column_padding=&#8221;no-extra-padding&#8221; column_padding_tablet=&#8221;inherit&#8221; column_padding_phone=&#8221;inherit&#8221; column_padding_position=&#8221;all&#8221; column_element_direction_desktop=&#8221;default&#8221; column_element_spacing=&#8221;default&#8221; desktop_text_alignment=&#8221;default&#8221; tablet_text_alignment=&#8221;default&#8221; phone_text_alignment=&#8221;default&#8221; background_color_opacity=&#8221;1&#8243; background_hover_color_opacity=&#8221;1&#8243; column_backdrop_filter=&#8221;none&#8221; column_shadow=&#8221;none&#8221;&#8230;<\/p>\n","protected":false},"author":1,"featured_media":0,"parent":0,"menu_order":35,"comment_status":"closed","ping_status":"closed","template":"","meta":{"inline_featured_image":false,"footnotes":""},"class_list":["post-1892","page","type-page","status-publish"],"aioseo_notices":[],"_links":{"self":[{"href":"https:\/\/prointegris.hr\/hr\/wp-json\/wp\/v2\/pages\/1892","targetHints":{"allow":["GET"]}}],"collection":[{"href":"https:\/\/prointegris.hr\/hr\/wp-json\/wp\/v2\/pages"}],"about":[{"href":"https:\/\/prointegris.hr\/hr\/wp-json\/wp\/v2\/types\/page"}],"author":[{"embeddable":true,"href":"https:\/\/prointegris.hr\/hr\/wp-json\/wp\/v2\/users\/1"}],"replies":[{"embeddable":true,"href":"https:\/\/prointegris.hr\/hr\/wp-json\/wp\/v2\/comments?post=1892"}],"version-history":[{"count":4,"href":"https:\/\/prointegris.hr\/hr\/wp-json\/wp\/v2\/pages\/1892\/revisions"}],"predecessor-version":[{"id":4106,"href":"https:\/\/prointegris.hr\/hr\/wp-json\/wp\/v2\/pages\/1892\/revisions\/4106"}],"wp:attachment":[{"href":"https:\/\/prointegris.hr\/hr\/wp-json\/wp\/v2\/media?parent=1892"}],"curies":[{"name":"wp","href":"https:\/\/api.w.org\/{rel}","templated":true}]}}